{"id":23,"date":"2015-10-15T15:32:40","date_gmt":"2015-10-15T15:32:40","guid":{"rendered":"http:\/\/wpoffice\/construction\/?page_id=23"},"modified":"2023-05-15T10:47:09","modified_gmt":"2023-05-15T10:47:09","slug":"contact","status":"publish","type":"page","link":"https:\/\/ayke-forklift.com\/index.php\/contact\/","title":{"rendered":"\u0130leti\u015fim"},"content":{"rendered":"\n<div class=\"flex_column av_two_third  av-animated-generic bottom-to-top  flex_column_div av-zero-column-padding first  avia-builder-el-1  el_after_av_codeblock  el_before_av_one_third  \" style='border-radius:0px; '><p><br \/>\n<div  style=' margin-top:10px; margin-bottom:10px;'  class='hr hr-custom hr-left hr-icon-no   avia-builder-el-3  el_after_av_heading  el_before_av_contact '><span class='hr-inner  inner-border-av-border-fat' style=' width:50px; border-color:#efbb20;' ><span class='hr-inner-style'><\/span><\/span><\/div><br \/>\n<form action=\"https:\/\/ayke-forklift.com\/index.php\/contact\/\" method=\"post\"  class=\"avia_ajax_form av-form-labels-visible   avia-builder-el-4  el_after_av_hr  avia-builder-el-last   \" data-avia-form-id=\"1\" data-avia-redirect='' ><h3 class=''>\u0130rtibata Ge\u00e7<\/h3><fieldset><p class='  first_form  form_element form_element_half' id='element_avia_1_1'><label for=\"avia_1_1\">Ad\u0131 Soyad\u0131 <abbr class=\"required\" title=\"Zorunlu\">*<\/abbr><\/label> <input name=\"avia_1_1\" class=\"text_input is_empty\" type=\"text\" id=\"avia_1_1\" value=\"\" \/><\/p><p class='  form_element form_element_half' id='element_avia_2_1'><label for=\"avia_2_1\">E-Mail <abbr class=\"required\" title=\"Zorunlu\">*<\/abbr><\/label> <input name=\"avia_2_1\" class=\"text_input is_email\" type=\"text\" id=\"avia_2_1\" value=\"\" \/><\/p><p class='  first_form  form_element form_element_half' id='element_avia_3_1'><label for=\"avia_3_1\">Konu <abbr class=\"required\" title=\"Zorunlu\">*<\/abbr><\/label> <input name=\"avia_3_1\" class=\"text_input is_empty\" type=\"text\" id=\"avia_3_1\" value=\"\" \/><\/p><p class=' form_element form_element_half' id='element_avia_4_1'><label for=\"avia_4_1\">B\u00fct\u00e7e Aral\u0131\u011f\u0131 <abbr class=\"required\" title=\"Zorunlu\">*<\/abbr><\/label> <select  name=\"avia_4_1\" class=\"select is_empty\" id=\"avia_4_1\"><option  value ='0\u20ba - 10.000\u20ba'>0\u20ba - 10.000\u20ba<\/option><option  value ='10.000\u20ba - 100.000\u20ba'>10.000\u20ba - 100.000\u20ba<\/option><option  value ='100.000\u20ba - 500.000\u20ba'>100.000\u20ba - 500.000\u20ba<\/option><option  value ='500.000\u20ba - 2.500.000\u20ba'>500.000\u20ba - 2.500.000\u20ba<\/option><\/select><\/p><p class='  first_form  form_element form_fullwidth av-last-visible-form-element' id='element_avia_5_1'><label for=\"avia_5_1\" class=\"textare_label hidden textare_label_avia_5_1\">Mesaj <abbr class=\"required\" title=\"Zorunlu\">*<\/abbr><\/label><textarea  name=\"avia_5_1\" class=\"text_area is_empty\" cols=\"40\" rows=\"7\" id=\"avia_5_1\" ><\/textarea><\/p><p class=\"hidden\"><input type=\"text\" name=\"avia_6_1\" class=\"hidden \" id=\"avia_6_1\" value=\"\" \/><\/p><p class=\"form_element \"><input type=\"hidden\" value=\"1\" name=\"avia_generated_form1\" \/><input type=\"submit\" value=\"\u0130rtibata Ge\u00e7\" class=\"button\"  data-sending-label=\"G\u00f6nderiliyor\"\/><\/p><\/fieldset><\/form><div id=\"ajaxresponse_1\" class=\"ajaxresponse ajaxresponse_1 hidden\"><\/div><\/p><\/div>\n<div class=\"flex_column av_one_third  av-animated-generic bottom-to-top  flex_column_div av-zero-column-padding   avia-builder-el-5  el_after_av_two_third  el_before_av_postcontent  avia-builder-el-last  \" style='border-radius:0px; '><p><div  style='padding-bottom:0px; ' class='av-special-heading av-special-heading-h3  blockquote modern-quote  avia-builder-el-6  el_before_av_hr  avia-builder-el-first  '><h3 class='av-special-heading-tag '  itemprop=\"headline\"  >Bizimle ileti\u015fime ge\u00e7menin di\u011fer yollar\u0131<\/h3><div class='special-heading-border'><div class='special-heading-inner-border' ><\/div><\/div><\/div><br \/>\n<div  style=' margin-top:10px; margin-bottom:10px;'  class='hr hr-custom hr-left hr-icon-no   avia-builder-el-7  el_after_av_heading  el_before_av_textblock '><span class='hr-inner  inner-border-av-border-fat' style=' width:50px; border-color:#efbb20;' ><span class='hr-inner-style'><\/span><\/span><\/div><br \/>\n<section class=\"av_textblock_section \"  itemscope=\"itemscope\" itemtype=\"https:\/\/schema.org\/CreativeWork\" ><div class='avia_textblock  '   itemprop=\"text\" ><\/div><\/section><br \/>\n<div  style=' margin-top:10px; margin-bottom:10px;'  class='hr hr-custom hr-left hr-icon-no   avia-builder-el-9  el_after_av_textblock  el_before_av_textblock '><span class='hr-inner  inner-border-av-border-fat' style=' width:50px; border-color:#efbb20;' ><span class='hr-inner-style'><\/span><\/span><\/div><br \/>\n<section class=\"av_textblock_section \"  itemscope=\"itemscope\" itemtype=\"https:\/\/schema.org\/CreativeWork\" ><div class='avia_textblock  '   itemprop=\"text\" ><p><strong>Adres<\/strong><\/p>\n<p>Ferhatpa\u015fa mah. G1 Sokak<\/p>\n<p>No: 26 Ata\u015fehir\/\u0130stanbul<\/p>\n<p><strong>\u0130leti\u015fim<\/strong><br \/>\n<a href=\"tel:+905448900082\"> +90 (544) 890 00 82<\/a><\/p>\n<p><strong>\u00c7al\u0131\u015fma Saatleri:<\/strong><br \/>\nPazartesi-Cuma: 8:00-19:00<br \/>\nCumartesi: 8:00-14:00<br \/>\nPazar: Kapal\u0131<\/p>\n<\/div><\/section><\/p><\/div><\/p>\n\n","protected":false},"excerpt":{"rendered":"","protected":false},"author":1,"featured_media":0,"parent":0,"menu_order":0,"comment_status":"closed","ping_status":"closed","template":"","meta":{"_joinchat":[],"footnotes":""},"class_list":["post-23","page","type-page","status-publish","hentry"],"yoast_head":"<!-- This site is optimized with the Yoast SEO plugin v20.8 - https:\/\/yoast.com\/wordpress\/plugins\/seo\/ -->\n<title>\u0130leti\u015fim - \u0130stanbul Anadolu Yakas\u0131 | ForkLift | Kiralama<\/title>\n<meta name=\"robots\" content=\"index, follow, max-snippet:-1, max-image-preview:large, max-video-preview:-1\" \/>\n<link rel=\"canonical\" href=\"https:\/\/ayke-forklift.com\/index.php\/contact\/\" \/>\n<meta property=\"og:locale\" content=\"tr_TR\" \/>\n<meta property=\"og:type\" content=\"article\" \/>\n<meta property=\"og:title\" content=\"\u0130leti\u015fim - \u0130stanbul Anadolu Yakas\u0131 | ForkLift | Kiralama\" \/>\n<meta property=\"og:url\" content=\"https:\/\/ayke-forklift.com\/index.php\/contact\/\" \/>\n<meta property=\"og:site_name\" content=\"\u0130stanbul Anadolu Yakas\u0131 | ForkLift | Kiralama\" \/>\n<meta property=\"article:modified_time\" content=\"2023-05-15T10:47:09+00:00\" \/>\n<meta property=\"og:image\" content=\"https:\/\/ayke-forklift.com\/wp-content\/uploads\/2023\/03\/Logo.png\" \/>\n\t<meta property=\"og:image:width\" content=\"340\" \/>\n\t<meta property=\"og:image:height\" content=\"268\" \/>\n\t<meta property=\"og:image:type\" content=\"image\/png\" \/>\n<meta name=\"twitter:card\" content=\"summary_large_image\" \/>\n<meta name=\"twitter:label1\" content=\"Tahmini okuma s\u00fcresi\" \/>\n\t<meta name=\"twitter:data1\" content=\"2 dakika\" \/>\n<script type=\"application\/ld+json\" class=\"yoast-schema-graph\">{\"@context\":\"https:\/\/schema.org\",\"@graph\":[{\"@type\":\"WebPage\",\"@id\":\"https:\/\/ayke-forklift.com\/index.php\/contact\/\",\"url\":\"https:\/\/ayke-forklift.com\/index.php\/contact\/\",\"name\":\"\u0130leti\u015fim - \u0130stanbul Anadolu Yakas\u0131 | ForkLift | Kiralama\",\"isPartOf\":{\"@id\":\"https:\/\/ayke-forklift.com\/#website\"},\"datePublished\":\"2015-10-15T15:32:40+00:00\",\"dateModified\":\"2023-05-15T10:47:09+00:00\",\"breadcrumb\":{\"@id\":\"https:\/\/ayke-forklift.com\/index.php\/contact\/#breadcrumb\"},\"inLanguage\":\"tr\",\"potentialAction\":[{\"@type\":\"ReadAction\",\"target\":[\"https:\/\/ayke-forklift.com\/index.php\/contact\/\"]}]},{\"@type\":\"BreadcrumbList\",\"@id\":\"https:\/\/ayke-forklift.com\/index.php\/contact\/#breadcrumb\",\"itemListElement\":[{\"@type\":\"ListItem\",\"position\":1,\"name\":\"Anasayfa\",\"item\":\"https:\/\/ayke-forklift.com\/\"},{\"@type\":\"ListItem\",\"position\":2,\"name\":\"\u0130leti\u015fim\"}]},{\"@type\":\"WebSite\",\"@id\":\"https:\/\/ayke-forklift.com\/#website\",\"url\":\"https:\/\/ayke-forklift.com\/\",\"name\":\"Anadolu Yakas\u0131 | ForkLift | H\u0131zl\u0131 Kiralama\",\"description\":\"ForkLift Kiralama\",\"publisher\":{\"@id\":\"https:\/\/ayke-forklift.com\/#organization\"},\"alternateName\":\"aykeforklift\",\"potentialAction\":[{\"@type\":\"SearchAction\",\"target\":{\"@type\":\"EntryPoint\",\"urlTemplate\":\"https:\/\/ayke-forklift.com\/?s={search_term_string}\"},\"query-input\":\"required name=search_term_string\"}],\"inLanguage\":\"tr\"},{\"@type\":\"Organization\",\"@id\":\"https:\/\/ayke-forklift.com\/#organization\",\"name\":\"Anadolu Yakas\u0131 | ForkLift | H\u0131zl\u0131 Kiralama\",\"alternateName\":\"ayke forklift\",\"url\":\"https:\/\/ayke-forklift.com\/\",\"logo\":{\"@type\":\"ImageObject\",\"inLanguage\":\"tr\",\"@id\":\"https:\/\/ayke-forklift.com\/#\/schema\/logo\/image\/\",\"url\":\"https:\/\/ayke-forklift.com\/wp-content\/uploads\/2023\/03\/Logo.png\",\"contentUrl\":\"https:\/\/ayke-forklift.com\/wp-content\/uploads\/2023\/03\/Logo.png\",\"width\":340,\"height\":268,\"caption\":\"Anadolu Yakas\u0131 | ForkLift | H\u0131zl\u0131 Kiralama\"},\"image\":{\"@id\":\"https:\/\/ayke-forklift.com\/#\/schema\/logo\/image\/\"}}]}<\/script>\n<!-- \/ Yoast SEO plugin. -->","yoast_head_json":{"title":"\u0130leti\u015fim - \u0130stanbul Anadolu Yakas\u0131 | ForkLift | Kiralama","robots":{"index":"index","follow":"follow","max-snippet":"max-snippet:-1","max-image-preview":"max-image-preview:large","max-video-preview":"max-video-preview:-1"},"canonical":"https:\/\/ayke-forklift.com\/index.php\/contact\/","og_locale":"tr_TR","og_type":"article","og_title":"\u0130leti\u015fim - \u0130stanbul Anadolu Yakas\u0131 | ForkLift | Kiralama","og_url":"https:\/\/ayke-forklift.com\/index.php\/contact\/","og_site_name":"\u0130stanbul Anadolu Yakas\u0131 | ForkLift | Kiralama","article_modified_time":"2023-05-15T10:47:09+00:00","og_image":[{"width":340,"height":268,"url":"https:\/\/ayke-forklift.com\/wp-content\/uploads\/2023\/03\/Logo.png","type":"image\/png"}],"twitter_card":"summary_large_image","twitter_misc":{"Tahmini okuma s\u00fcresi":"2 dakika"},"schema":{"@context":"https:\/\/schema.org","@graph":[{"@type":"WebPage","@id":"https:\/\/ayke-forklift.com\/index.php\/contact\/","url":"https:\/\/ayke-forklift.com\/index.php\/contact\/","name":"\u0130leti\u015fim - \u0130stanbul Anadolu Yakas\u0131 | ForkLift | Kiralama","isPartOf":{"@id":"https:\/\/ayke-forklift.com\/#website"},"datePublished":"2015-10-15T15:32:40+00:00","dateModified":"2023-05-15T10:47:09+00:00","breadcrumb":{"@id":"https:\/\/ayke-forklift.com\/index.php\/contact\/#breadcrumb"},"inLanguage":"tr","potentialAction":[{"@type":"ReadAction","target":["https:\/\/ayke-forklift.com\/index.php\/contact\/"]}]},{"@type":"BreadcrumbList","@id":"https:\/\/ayke-forklift.com\/index.php\/contact\/#breadcrumb","itemListElement":[{"@type":"ListItem","position":1,"name":"Anasayfa","item":"https:\/\/ayke-forklift.com\/"},{"@type":"ListItem","position":2,"name":"\u0130leti\u015fim"}]},{"@type":"WebSite","@id":"https:\/\/ayke-forklift.com\/#website","url":"https:\/\/ayke-forklift.com\/","name":"Anadolu Yakas\u0131 | ForkLift | H\u0131zl\u0131 Kiralama","description":"ForkLift Kiralama","publisher":{"@id":"https:\/\/ayke-forklift.com\/#organization"},"alternateName":"aykeforklift","potentialAction":[{"@type":"SearchAction","target":{"@type":"EntryPoint","urlTemplate":"https:\/\/ayke-forklift.com\/?s={search_term_string}"},"query-input":"required name=search_term_string"}],"inLanguage":"tr"},{"@type":"Organization","@id":"https:\/\/ayke-forklift.com\/#organization","name":"Anadolu Yakas\u0131 | ForkLift | H\u0131zl\u0131 Kiralama","alternateName":"ayke forklift","url":"https:\/\/ayke-forklift.com\/","logo":{"@type":"ImageObject","inLanguage":"tr","@id":"https:\/\/ayke-forklift.com\/#\/schema\/logo\/image\/","url":"https:\/\/ayke-forklift.com\/wp-content\/uploads\/2023\/03\/Logo.png","contentUrl":"https:\/\/ayke-forklift.com\/wp-content\/uploads\/2023\/03\/Logo.png","width":340,"height":268,"caption":"Anadolu Yakas\u0131 | ForkLift | H\u0131zl\u0131 Kiralama"},"image":{"@id":"https:\/\/ayke-forklift.com\/#\/schema\/logo\/image\/"}}]}},"_links":{"self":[{"href":"https:\/\/ayke-forklift.com\/index.php\/wp-json\/wp\/v2\/pages\/23","targetHints":{"allow":["GET"]}}],"collection":[{"href":"https:\/\/ayke-forklift.com\/index.php\/wp-json\/wp\/v2\/pages"}],"about":[{"href":"https:\/\/ayke-forklift.com\/index.php\/wp-json\/wp\/v2\/types\/page"}],"author":[{"embeddable":true,"href":"https:\/\/ayke-forklift.com\/index.php\/wp-json\/wp\/v2\/users\/1"}],"replies":[{"embeddable":true,"href":"https:\/\/ayke-forklift.com\/index.php\/wp-json\/wp\/v2\/comments?post=23"}],"version-history":[{"count":2,"href":"https:\/\/ayke-forklift.com\/index.php\/wp-json\/wp\/v2\/pages\/23\/revisions"}],"predecessor-version":[{"id":810,"href":"https:\/\/ayke-forklift.com\/index.php\/wp-json\/wp\/v2\/pages\/23\/revisions\/810"}],"wp:attachment":[{"href":"https:\/\/ayke-forklift.com\/index.php\/wp-json\/wp\/v2\/media?parent=23"}],"curies":[{"name":"wp","href":"https:\/\/api.w.org\/{rel}","templated":true}]}}