{"id":31,"date":"2015-10-21T12:34:01","date_gmt":"2015-10-21T12:34:01","guid":{"rendered":"http:\/\/test.kriesi.at\/construction\/?page_id=31"},"modified":"2023-03-24T18:26:32","modified_gmt":"2023-03-24T18:26:32","slug":"company","status":"publish","type":"page","link":"https:\/\/ayke-forklift.com\/index.php\/company\/","title":{"rendered":"Hakk\u0131m\u0131zda"},"content":{"rendered":"<div id='full_slider_1'  class='avia-fullwidth-slider main_color avia-shadow   avia-builder-el-0  el_before_av_section  avia-builder-el-first   container_wrap sidebar_right' style=' '  ><div   data-size='featured_large'  data-lightbox_size='large'  data-animation='fade'  data-conditional_play=''  data-ids='280'  data-video_counter='0'  data-autoplay='true'  data-bg_slider='false'  data-slide_height=''  data-handle='av_slideshow_full'  data-interval='5'  data-class=' '  data-el_id=''  data-css_id=''  data-scroll_down=''  data-control_layout='av-control-hidden'  data-custom_markup=''  data-perma_caption=''  data-autoplay_stopper=''  data-image_attachment=''  data-min_height='0px'  data-lazy_loading='disabled'  data-src=''  data-position='top left'  data-repeat='no-repeat'  data-attach='scroll'  data-stretch=''  data-default-height='42'  class='avia-slideshow avia-slideshow-1  av-control-hidden av-default-height-applied avia-slideshow-featured_large av_slideshow_full   avia-fade-slider '  itemprop=\"image\" itemscope=\"itemscope\" itemtype=\"https:\/\/schema.org\/ImageObject\" ><ul class='avia-slideshow-inner ' style='padding-bottom: 42%;' ><li  class=' av-single-slide slide-1 ' ><div data-rel='slideshow-1' class='avia-slide-wrap '   ><div class = \"caption_fullwidth av-slideshow-caption caption_bottom\"><div class = \"container caption_container\"><div class = \"slideshow_caption\"><div class = \"slideshow_inner_caption\"><div class = \"slideshow_align_caption\"><h2  class='avia-caption-title  '  itemprop=\"name\" >Hakk\u0131m\u0131zda<\/h2><\/div><\/div><\/div><\/div><\/div><img decoding=\"async\" class=\"wp-image-280 avia-img-lazy-loading-not-280\"  src=\"https:\/\/ayke-forklift.com\/wp-content\/uploads\/2023\/03\/Hakkimizda-2-1500x630.jpg\" width=\"1500\" height=\"630\" title='Hakk\u0131m\u0131zda (2)' alt=''  itemprop=\"thumbnailUrl\" srcset=\"https:\/\/ayke-forklift.com\/wp-content\/uploads\/2023\/03\/Hakkimizda-2.jpg 1500w, https:\/\/ayke-forklift.com\/wp-content\/uploads\/2023\/03\/Hakkimizda-2-300x126.jpg 300w, https:\/\/ayke-forklift.com\/wp-content\/uploads\/2023\/03\/Hakkimizda-2-1030x433.jpg 1030w, https:\/\/ayke-forklift.com\/wp-content\/uploads\/2023\/03\/Hakkimizda-2-768x323.jpg 768w, https:\/\/ayke-forklift.com\/wp-content\/uploads\/2023\/03\/Hakkimizda-2-705x296.jpg 705w\" sizes=\"(max-width: 1500px) 100vw, 1500px\" \/><\/div><\/li><\/ul><\/div><\/div>\n<div id='av_section_1'  class='avia-section main_color avia-section-large avia-no-shadow  avia-bg-style-scroll  avia-builder-el-1  el_after_av_slideshow_full  avia-builder-el-last   container_wrap sidebar_right' style='background-color: #fcfcfc;  '  ><div class='container' ><div class='template-page content  av-content-small alpha units'><div class='post-entry post-entry-type-page post-entry-31'><div class='entry-content-wrapper clearfix'>\n<div class=\"flex_column av_one_full  av-animated-generic bottom-to-top  flex_column_div first  avia-builder-el-2  avia-builder-el-no-sibling  \" style='border-width:1px; border-color:#e1e1e1; border-style:solid; padding:20px; background-color:#ffffff; border-radius:0px; '><section class=\"av_textblock_section \"  itemscope=\"itemscope\" itemtype=\"https:\/\/schema.org\/CreativeWork\" ><div class='avia_textblock  '   itemprop=\"text\" ><p>Ayke Forklift olarak iyi bir m\u00fc\u015fteri hizmetlerine ve sa\u011flay\u0131c\u0131s\u0131na sahip olmak \u00f6nemlidir.<\/p>\n<p>Alan\u0131nda deneyimli personel kadromuz ve forklift filomuz ile y\u00fckleme, bo\u015faltma, nakliye ve montaj hizmetleri\u00a0 vermektedir. Edindi\u011fimiz tecr\u00fcbe deneyim ve birikim sonucunda hizmet kalitesini y\u00fckselterek ekonomik, h\u0131zl\u0131 ve hizmet sonras\u0131 destek anlay\u0131\u015f\u0131n\u0131 kar\u015f\u0131l\u0131kl\u0131 ho\u015fg\u00f6r\u00fc ve g\u00fcven sa\u011flamay\u0131, m\u00fc\u015fteri memnuniyetini vizyon ve misyon edinmi\u015ftir.<\/p>\n<\/div><\/section><\/div>\n<\/div><\/div><\/div><!-- close content main div --><\/div><\/div><div id='after_section_1'  class='main_color av_default_container_wrap container_wrap sidebar_right' style=' '  ><div class='container' ><div class='template-page content  av-content-small alpha units'><div class='post-entry post-entry-type-page post-entry-31'><div class='entry-content-wrapper clearfix'>\n","protected":false},"excerpt":{"rendered":"","protected":false},"author":1,"featured_media":0,"parent":0,"menu_order":0,"comment_status":"closed","ping_status":"closed","template":"","meta":{"_joinchat":[],"footnotes":""},"class_list":["post-31","page","type-page","status-publish","hentry"],"yoast_head":"<!-- This site is optimized with the Yoast SEO plugin v20.8 - https:\/\/yoast.com\/wordpress\/plugins\/seo\/ -->\n<title>Hakk\u0131m\u0131zda - \u0130stanbul Anadolu Yakas\u0131 | ForkLift | Kiralama<\/title>\n<meta name=\"robots\" content=\"index, follow, max-snippet:-1, max-image-preview:large, max-video-preview:-1\" \/>\n<link rel=\"canonical\" href=\"https:\/\/ayke-forklift.com\/index.php\/company\/\" \/>\n<meta property=\"og:locale\" content=\"tr_TR\" \/>\n<meta property=\"og:type\" content=\"article\" \/>\n<meta property=\"og:title\" content=\"Hakk\u0131m\u0131zda - \u0130stanbul Anadolu Yakas\u0131 | ForkLift | Kiralama\" \/>\n<meta property=\"og:url\" content=\"https:\/\/ayke-forklift.com\/index.php\/company\/\" \/>\n<meta property=\"og:site_name\" content=\"\u0130stanbul Anadolu Yakas\u0131 | ForkLift | Kiralama\" \/>\n<meta property=\"article:modified_time\" content=\"2023-03-24T18:26:32+00:00\" \/>\n<meta property=\"og:image\" content=\"https:\/\/ayke-forklift.com\/wp-content\/uploads\/2023\/03\/Logo.png\" \/>\n\t<meta property=\"og:image:width\" content=\"340\" \/>\n\t<meta property=\"og:image:height\" content=\"268\" \/>\n\t<meta property=\"og:image:type\" content=\"image\/png\" \/>\n<meta name=\"twitter:card\" content=\"summary_large_image\" \/>\n<meta name=\"twitter:label1\" content=\"Tahmini okuma s\u00fcresi\" \/>\n\t<meta name=\"twitter:data1\" content=\"2 dakika\" \/>\n<script type=\"application\/ld+json\" class=\"yoast-schema-graph\">{\"@context\":\"https:\/\/schema.org\",\"@graph\":[{\"@type\":\"WebPage\",\"@id\":\"https:\/\/ayke-forklift.com\/index.php\/company\/\",\"url\":\"https:\/\/ayke-forklift.com\/index.php\/company\/\",\"name\":\"Hakk\u0131m\u0131zda - \u0130stanbul Anadolu Yakas\u0131 | ForkLift | Kiralama\",\"isPartOf\":{\"@id\":\"https:\/\/ayke-forklift.com\/#website\"},\"datePublished\":\"2015-10-21T12:34:01+00:00\",\"dateModified\":\"2023-03-24T18:26:32+00:00\",\"breadcrumb\":{\"@id\":\"https:\/\/ayke-forklift.com\/index.php\/company\/#breadcrumb\"},\"inLanguage\":\"tr\",\"potentialAction\":[{\"@type\":\"ReadAction\",\"target\":[\"https:\/\/ayke-forklift.com\/index.php\/company\/\"]}]},{\"@type\":\"BreadcrumbList\",\"@id\":\"https:\/\/ayke-forklift.com\/index.php\/company\/#breadcrumb\",\"itemListElement\":[{\"@type\":\"ListItem\",\"position\":1,\"name\":\"Anasayfa\",\"item\":\"https:\/\/ayke-forklift.com\/\"},{\"@type\":\"ListItem\",\"position\":2,\"name\":\"Hakk\u0131m\u0131zda\"}]},{\"@type\":\"WebSite\",\"@id\":\"https:\/\/ayke-forklift.com\/#website\",\"url\":\"https:\/\/ayke-forklift.com\/\",\"name\":\"Anadolu Yakas\u0131 | ForkLift | H\u0131zl\u0131 Kiralama\",\"description\":\"ForkLift Kiralama\",\"publisher\":{\"@id\":\"https:\/\/ayke-forklift.com\/#organization\"},\"alternateName\":\"aykeforklift\",\"potentialAction\":[{\"@type\":\"SearchAction\",\"target\":{\"@type\":\"EntryPoint\",\"urlTemplate\":\"https:\/\/ayke-forklift.com\/?s={search_term_string}\"},\"query-input\":\"required name=search_term_string\"}],\"inLanguage\":\"tr\"},{\"@type\":\"Organization\",\"@id\":\"https:\/\/ayke-forklift.com\/#organization\",\"name\":\"Anadolu Yakas\u0131 | ForkLift | H\u0131zl\u0131 Kiralama\",\"alternateName\":\"ayke forklift\",\"url\":\"https:\/\/ayke-forklift.com\/\",\"logo\":{\"@type\":\"ImageObject\",\"inLanguage\":\"tr\",\"@id\":\"https:\/\/ayke-forklift.com\/#\/schema\/logo\/image\/\",\"url\":\"https:\/\/ayke-forklift.com\/wp-content\/uploads\/2023\/03\/Logo.png\",\"contentUrl\":\"https:\/\/ayke-forklift.com\/wp-content\/uploads\/2023\/03\/Logo.png\",\"width\":340,\"height\":268,\"caption\":\"Anadolu Yakas\u0131 | ForkLift | H\u0131zl\u0131 Kiralama\"},\"image\":{\"@id\":\"https:\/\/ayke-forklift.com\/#\/schema\/logo\/image\/\"}}]}<\/script>\n<!-- \/ Yoast SEO plugin. -->","yoast_head_json":{"title":"Hakk\u0131m\u0131zda - \u0130stanbul Anadolu Yakas\u0131 | ForkLift | Kiralama","robots":{"index":"index","follow":"follow","max-snippet":"max-snippet:-1","max-image-preview":"max-image-preview:large","max-video-preview":"max-video-preview:-1"},"canonical":"https:\/\/ayke-forklift.com\/index.php\/company\/","og_locale":"tr_TR","og_type":"article","og_title":"Hakk\u0131m\u0131zda - \u0130stanbul Anadolu Yakas\u0131 | ForkLift | Kiralama","og_url":"https:\/\/ayke-forklift.com\/index.php\/company\/","og_site_name":"\u0130stanbul Anadolu Yakas\u0131 | ForkLift | Kiralama","article_modified_time":"2023-03-24T18:26:32+00:00","og_image":[{"width":340,"height":268,"url":"https:\/\/ayke-forklift.com\/wp-content\/uploads\/2023\/03\/Logo.png","type":"image\/png"}],"twitter_card":"summary_large_image","twitter_misc":{"Tahmini okuma s\u00fcresi":"2 dakika"},"schema":{"@context":"https:\/\/schema.org","@graph":[{"@type":"WebPage","@id":"https:\/\/ayke-forklift.com\/index.php\/company\/","url":"https:\/\/ayke-forklift.com\/index.php\/company\/","name":"Hakk\u0131m\u0131zda - \u0130stanbul Anadolu Yakas\u0131 | ForkLift | Kiralama","isPartOf":{"@id":"https:\/\/ayke-forklift.com\/#website"},"datePublished":"2015-10-21T12:34:01+00:00","dateModified":"2023-03-24T18:26:32+00:00","breadcrumb":{"@id":"https:\/\/ayke-forklift.com\/index.php\/company\/#breadcrumb"},"inLanguage":"tr","potentialAction":[{"@type":"ReadAction","target":["https:\/\/ayke-forklift.com\/index.php\/company\/"]}]},{"@type":"BreadcrumbList","@id":"https:\/\/ayke-forklift.com\/index.php\/company\/#breadcrumb","itemListElement":[{"@type":"ListItem","position":1,"name":"Anasayfa","item":"https:\/\/ayke-forklift.com\/"},{"@type":"ListItem","position":2,"name":"Hakk\u0131m\u0131zda"}]},{"@type":"WebSite","@id":"https:\/\/ayke-forklift.com\/#website","url":"https:\/\/ayke-forklift.com\/","name":"Anadolu Yakas\u0131 | ForkLift | H\u0131zl\u0131 Kiralama","description":"ForkLift Kiralama","publisher":{"@id":"https:\/\/ayke-forklift.com\/#organization"},"alternateName":"aykeforklift","potentialAction":[{"@type":"SearchAction","target":{"@type":"EntryPoint","urlTemplate":"https:\/\/ayke-forklift.com\/?s={search_term_string}"},"query-input":"required name=search_term_string"}],"inLanguage":"tr"},{"@type":"Organization","@id":"https:\/\/ayke-forklift.com\/#organization","name":"Anadolu Yakas\u0131 | ForkLift | H\u0131zl\u0131 Kiralama","alternateName":"ayke forklift","url":"https:\/\/ayke-forklift.com\/","logo":{"@type":"ImageObject","inLanguage":"tr","@id":"https:\/\/ayke-forklift.com\/#\/schema\/logo\/image\/","url":"https:\/\/ayke-forklift.com\/wp-content\/uploads\/2023\/03\/Logo.png","contentUrl":"https:\/\/ayke-forklift.com\/wp-content\/uploads\/2023\/03\/Logo.png","width":340,"height":268,"caption":"Anadolu Yakas\u0131 | ForkLift | H\u0131zl\u0131 Kiralama"},"image":{"@id":"https:\/\/ayke-forklift.com\/#\/schema\/logo\/image\/"}}]}},"_links":{"self":[{"href":"https:\/\/ayke-forklift.com\/index.php\/wp-json\/wp\/v2\/pages\/31","targetHints":{"allow":["GET"]}}],"collection":[{"href":"https:\/\/ayke-forklift.com\/index.php\/wp-json\/wp\/v2\/pages"}],"about":[{"href":"https:\/\/ayke-forklift.com\/index.php\/wp-json\/wp\/v2\/types\/page"}],"author":[{"embeddable":true,"href":"https:\/\/ayke-forklift.com\/index.php\/wp-json\/wp\/v2\/users\/1"}],"replies":[{"embeddable":true,"href":"https:\/\/ayke-forklift.com\/index.php\/wp-json\/wp\/v2\/comments?post=31"}],"version-history":[{"count":0,"href":"https:\/\/ayke-forklift.com\/index.php\/wp-json\/wp\/v2\/pages\/31\/revisions"}],"wp:attachment":[{"href":"https:\/\/ayke-forklift.com\/index.php\/wp-json\/wp\/v2\/media?parent=31"}],"curies":[{"name":"wp","href":"https:\/\/api.w.org\/{rel}","templated":true}]}}