{"id":542,"date":"2023-05-13T20:53:29","date_gmt":"2023-05-13T20:53:29","guid":{"rendered":"https:\/\/ayke-forklift.com\/?page_id=542"},"modified":"2023-05-16T23:41:37","modified_gmt":"2023-05-16T23:41:37","slug":"kadosanforklift","status":"publish","type":"page","link":"https:\/\/ayke-forklift.com\/index.php\/bolgeler\/kadosanforklift\/","title":{"rendered":"\u00dcmraniye, Kadosan Forklift Kiralama"},"content":{"rendered":"<div id='full_slider_1'  class='avia-fullwidth-slider main_color avia-shadow   avia-builder-el-0  el_before_av_section  avia-builder-el-first   container_wrap sidebar_right' style=' '  ><div   data-size='featured_large'  data-lightbox_size='large'  data-animation='fade'  data-conditional_play=''  data-ids='255'  data-video_counter='0'  data-autoplay='true'  data-bg_slider='false'  data-slide_height=''  data-handle='av_slideshow_full'  data-interval='5'  data-class=' '  data-el_id=''  data-css_id=''  data-scroll_down=''  data-control_layout='av-control-minimal'  data-custom_markup=''  data-perma_caption=''  data-autoplay_stopper=''  data-image_attachment=''  data-min_height='0px'  data-lazy_loading='disabled'  data-src=''  data-position='top left'  data-repeat='no-repeat'  data-attach='scroll'  data-stretch=''  data-default-height='42'  class='avia-slideshow avia-slideshow-1  av-control-minimal av-default-height-applied avia-slideshow-featured_large av_slideshow_full   avia-fade-slider '  itemprop=\"image\" itemscope=\"itemscope\" itemtype=\"https:\/\/schema.org\/ImageObject\" ><ul class='avia-slideshow-inner ' style='padding-bottom: 42%;' ><li  class=' av-single-slide slide-1 ' ><div data-rel='slideshow-1' class='avia-slide-wrap '   ><div class = \"caption_fullwidth av-slideshow-caption caption_bottom caption_bottom_framed caption_framed\"><div class = \"container caption_container\"><div class = \"slideshow_caption\"><div class = \"slideshow_inner_caption\"><div class = \"slideshow_align_caption\"><h2  class='avia-caption-title  '  itemprop=\"name\" >\u00dcmraniye, Kadosan da Forklift Kiralaman\u0131n En Kolay Adresi<\/h2><\/div><\/div><\/div><\/div><\/div><img decoding=\"async\" class=\"wp-image-255 avia-img-lazy-loading-not-255\"  src=\"https:\/\/ayke-forklift.com\/wp-content\/uploads\/2023\/03\/stage-forklifts-1500x630.jpg\" width=\"1500\" height=\"630\" title='stage-forklifts' alt=''  itemprop=\"thumbnailUrl\"   \/><\/div><\/li><\/ul><\/div><\/div>\n<div id='av_section_1'  class='avia-section main_color avia-section-default avia-no-border-styling  avia-full-stretch av-parallax-section avia-bg-style-parallax  avia-builder-el-1  el_after_av_slideshow_full  el_before_av_textblock   container_wrap sidebar_right' style='background-color: #efbb20;  '  data-section-bg-repeat='stretch'><div class='av-parallax' data-avia-parallax-ratio='0.3' ><div class='av-parallax-inner main_color  avia-full-stretch' style = 'background-color: #efbb20; background-repeat: no-repeat; background-image: url(https:\/\/ayke-forklift.com\/wp-content\/uploads\/2015\/10\/house-wire-model-fade-white-1500x1085.png);background-attachment: scroll; background-position: center right; ' ><\/div><\/div><div class='container' ><div class='template-page content  av-content-small alpha units'><div class='post-entry post-entry-type-page post-entry-542'><div class='entry-content-wrapper clearfix'>\n<div class='flex_column_table av-equal-height-column-flextable -flextable' ><div class=\"flex_column av_three_fourth  av-animated-generic left-to-right  flex_column_table_cell av-equal-height-column av-align-middle av-zero-column-padding first  avia-builder-el-2  el_before_av_one_fifth  avia-builder-el-first  \" style='border-radius:0px; '><div  style='padding-bottom:0px; color:#ffffff;font-size:30px;' class='av-special-heading av-special-heading-h3 custom-color-heading blockquote modern-quote  avia-builder-el-3  avia-builder-el-no-sibling  av-inherit-size '><h3 class='av-special-heading-tag '  itemprop=\"headline\"  >Kiralama i\u015flemi i\u00e7in l\u00fctfen irtibata ge\u00e7iniz..<\/h3><div class='special-heading-border'><div class='special-heading-inner-border' style='border-color:#ffffff'><\/div><\/div><\/div><\/div><div class='av-flex-placeholder'><\/div><div class=\"flex_column av_one_fifth  av-animated-generic right-to-left  flex_column_table_cell av-equal-height-column av-align-middle av-zero-column-padding   avia-builder-el-4  el_after_av_three_fourth  avia-builder-el-last  \" style='border-radius:0px; '><div  class='avia-button-wrap avia-button-right  avia-builder-el-5  avia-builder-el-no-sibling ' ><a href='https:\/\/ayke-forklift.com\/index.php\/contact\/'  class='avia-button  avia-color-light   avia-icon_select-no avia-size-large avia-position-right '   ><span class='avia_iconbox_title' >Forklift Kiralama i\u00e7in lieti\u015fime ge\u00e7<\/span><\/a><\/div><\/div><\/div><!--close column table wrapper. Autoclose: 1 -->\n<\/div><\/div><\/div><!-- close content main div --><\/div><\/div><div id='after_section_1'  class='main_color av_default_container_wrap container_wrap sidebar_right' style=' '  ><div class='container' ><div class='template-page content  av-content-small alpha units'><div class='post-entry post-entry-type-page post-entry-542'><div class='entry-content-wrapper clearfix'>\n<section class=\"av_textblock_section \"  itemscope=\"itemscope\" itemtype=\"https:\/\/schema.org\/CreativeWork\" ><div class='avia_textblock  '  style='font-size:35px; '  itemprop=\"text\" ><p>\u0130leti\u015fim Numaras\u0131 :\u00a0 05448900082<\/p>\n<\/div><\/section>\n<div   data-autoplay='false'  data-interval='5'  data-animation='slide'  data-show_slide_delay='30'  class='avia-content-slider-element-container avia-content-slider-element-slider avia-content-slider avia-smallarrow-slider avia-content-slider-active avia-content-slider1 avia-content-slider-odd  avia-builder-el-7  el_after_av_textblock  avia-builder-el-last  ' ><div class='avia-smallarrow-slider-heading  no-content-slider-heading '><div class='new-special-heading'>&nbsp;<\/div><\/div><div class='avia-content-slider-inner'><div class='slide-entry-wrap'><section class='slide-entry flex_column post-entry slide-entry-overview slide-loop-1 slide-parity-odd  post-entry-last  av_fullwidth first'  itemscope=\"itemscope\" itemtype=\"https:\/\/schema.org\/CreativeWork\" ><h3 class='slide-entry-title entry-title '  itemprop=\"headline\" >\u00dcmraniye, Kadosan Forklift Kiralama<\/h3><div class='slide-entry-excerpt entry-content'  itemprop=\"text\" ><blockquote>\n<p><a href=\"https:\/\/ayke-forklift.com\/index.php\/2023\/05\/13\/kadosan-forklift\/\">\u00dcmraniye, Kadosan Forklif Kiralama<\/a>, Forklift sayesinde i\u015f makineleri a\u011f\u0131r y\u00fckleri bir yerden ba\u015fka bir yere ta\u015f\u0131mak ve istiflenmesi amac\u0131yla tercih edilen a\u011f\u0131r tonajl\u0131 ara\u00e7lard\u0131r. \u0130\u00e7 ve d\u0131\u015f mekanlarda y\u00fck ta\u015f\u0131ma, istifleme ve indirme i\u015flemleri i\u00e7in AYKE FORKLIFT olarak forklift kiralama hizmetiyle \u0130STANBUL Anadolu yakas\u0131ndaki firmalara k\u0131sa veya uzun d\u00f6nemli forklift kiralama hizmeti sunmaktay\u0131z.<\/p>\n<p>Uzman forklift operat\u00f6rlerimiz sayesinde saatlik, g\u00fcnl\u00fck, haftal\u0131k, ayl\u0131k ve y\u0131ll\u0131k opsiyonlar\u0131m\u0131z ile \u0130stanbul Anadolu yakas\u0131ndaki firmalar bizimle 7\/24 ileti\u015fime ge\u00e7erek h\u0131zl\u0131, kolay ve pratik bir \u015fekilde kiralama hizmetinden faydalanabilirler.<\/p>\n<p>AYKE FORKL\u0130FT olarak kiralama i\u015flemi d\u0131\u015f\u0131nda ara\u00e7 ve i\u015f makinelerini ta\u015f\u0131yarak \u00e7ekici hizmeti de sunmaktay\u0131z.<\/p>\n<\/blockquote>\n<\/div><\/section><\/div><\/div><\/div>\n","protected":false},"excerpt":{"rendered":"","protected":false},"author":1,"featured_media":0,"parent":28,"menu_order":7,"comment_status":"closed","ping_status":"closed","template":"","meta":{"_joinchat":[],"footnotes":""},"class_list":["post-542","page","type-page","status-publish","hentry"],"yoast_head":"<!-- This site is optimized with the Yoast SEO plugin v20.8 - https:\/\/yoast.com\/wordpress\/plugins\/seo\/ -->\n<title>\u0130stanbul Anadolu Yakas\u0131 | ForkLift | Kiralama | Ata\u015fehir Forklift Kiralama |<\/title>\n<meta name=\"description\" content=\"Anadolu Yakas\u0131 Forklift Kiralama, Ata\u015fehir Forklift Kiralama, H\u0131zl\u0131 Forklift Kiralama, Standart Forklift Kiralama, Triplex Forklift Kiralama\" \/>\n<meta name=\"robots\" content=\"index, follow, max-video-preview:-1, noimageindex, noarchive, nosnippet\" \/>\n<link rel=\"canonical\" href=\"https:\/\/ayke-forklift.com\/index.php\/bolgeler\/kadosanforklift\/\" \/>\n<meta property=\"og:locale\" content=\"tr_TR\" \/>\n<meta property=\"og:type\" content=\"article\" \/>\n<meta property=\"og:title\" content=\"\u0130stanbul Anadolu Yakas\u0131 | ForkLift | Kiralama | Ata\u015fehir Forklift Kiralama |\" \/>\n<meta property=\"og:description\" content=\"Anadolu Yakas\u0131 Forklift Kiralama, Ata\u015fehir Forklift Kiralama, H\u0131zl\u0131 Forklift Kiralama, Standart Forklift Kiralama, Triplex Forklift Kiralama\" \/>\n<meta property=\"og:url\" content=\"https:\/\/ayke-forklift.com\/index.php\/bolgeler\/kadosanforklift\/\" \/>\n<meta property=\"og:site_name\" content=\"\u0130stanbul Anadolu Yakas\u0131 | ForkLift | Kiralama\" \/>\n<meta property=\"article:modified_time\" content=\"2023-05-16T23:41:37+00:00\" \/>\n<meta property=\"og:image\" content=\"https:\/\/ayke-forklift.com\/wp-content\/uploads\/2023\/03\/Logo.png\" \/>\n\t<meta property=\"og:image:width\" content=\"340\" \/>\n\t<meta property=\"og:image:height\" content=\"268\" \/>\n\t<meta property=\"og:image:type\" content=\"image\/png\" \/>\n<meta name=\"twitter:card\" content=\"summary_large_image\" \/>\n<meta name=\"twitter:label1\" content=\"Tahmini okuma s\u00fcresi\" \/>\n\t<meta name=\"twitter:data1\" content=\"3 dakika\" \/>\n<script type=\"application\/ld+json\" class=\"yoast-schema-graph\">{\"@context\":\"https:\/\/schema.org\",\"@graph\":[{\"@type\":\"WebPage\",\"@id\":\"https:\/\/ayke-forklift.com\/index.php\/bolgeler\/kadosanforklift\/\",\"url\":\"https:\/\/ayke-forklift.com\/index.php\/bolgeler\/kadosanforklift\/\",\"name\":\"\u0130stanbul Anadolu Yakas\u0131 | ForkLift | Kiralama | Ata\u015fehir Forklift Kiralama |\",\"isPartOf\":{\"@id\":\"https:\/\/ayke-forklift.com\/#website\"},\"datePublished\":\"2023-05-13T20:53:29+00:00\",\"dateModified\":\"2023-05-16T23:41:37+00:00\",\"description\":\"Anadolu Yakas\u0131 Forklift Kiralama, Ata\u015fehir Forklift Kiralama, H\u0131zl\u0131 Forklift Kiralama, Standart Forklift Kiralama, Triplex Forklift Kiralama\",\"breadcrumb\":{\"@id\":\"https:\/\/ayke-forklift.com\/index.php\/bolgeler\/kadosanforklift\/#breadcrumb\"},\"inLanguage\":\"tr\",\"potentialAction\":[{\"@type\":\"ReadAction\",\"target\":[\"https:\/\/ayke-forklift.com\/index.php\/bolgeler\/kadosanforklift\/\"]}]},{\"@type\":\"BreadcrumbList\",\"@id\":\"https:\/\/ayke-forklift.com\/index.php\/bolgeler\/kadosanforklift\/#breadcrumb\",\"itemListElement\":[{\"@type\":\"ListItem\",\"position\":1,\"name\":\"Anasayfa\",\"item\":\"https:\/\/ayke-forklift.com\/\"},{\"@type\":\"ListItem\",\"position\":2,\"name\":\"Hizmet B\u00f6lgelerimiz\",\"item\":\"https:\/\/ayke-forklift.com\/index.php\/bolgeler\/\"},{\"@type\":\"ListItem\",\"position\":3,\"name\":\"\u00dcmraniye, Kadosan Forklift Kiralama\"}]},{\"@type\":\"WebSite\",\"@id\":\"https:\/\/ayke-forklift.com\/#website\",\"url\":\"https:\/\/ayke-forklift.com\/\",\"name\":\"Anadolu Yakas\u0131 | ForkLift | H\u0131zl\u0131 Kiralama\",\"description\":\"ForkLift Kiralama\",\"publisher\":{\"@id\":\"https:\/\/ayke-forklift.com\/#organization\"},\"alternateName\":\"aykeforklift\",\"potentialAction\":[{\"@type\":\"SearchAction\",\"target\":{\"@type\":\"EntryPoint\",\"urlTemplate\":\"https:\/\/ayke-forklift.com\/?s={search_term_string}\"},\"query-input\":\"required name=search_term_string\"}],\"inLanguage\":\"tr\"},{\"@type\":\"Organization\",\"@id\":\"https:\/\/ayke-forklift.com\/#organization\",\"name\":\"Anadolu Yakas\u0131 | ForkLift | H\u0131zl\u0131 Kiralama\",\"alternateName\":\"ayke forklift\",\"url\":\"https:\/\/ayke-forklift.com\/\",\"logo\":{\"@type\":\"ImageObject\",\"inLanguage\":\"tr\",\"@id\":\"https:\/\/ayke-forklift.com\/#\/schema\/logo\/image\/\",\"url\":\"https:\/\/ayke-forklift.com\/wp-content\/uploads\/2023\/03\/Logo.png\",\"contentUrl\":\"https:\/\/ayke-forklift.com\/wp-content\/uploads\/2023\/03\/Logo.png\",\"width\":340,\"height\":268,\"caption\":\"Anadolu Yakas\u0131 | ForkLift | H\u0131zl\u0131 Kiralama\"},\"image\":{\"@id\":\"https:\/\/ayke-forklift.com\/#\/schema\/logo\/image\/\"}}]}<\/script>\n<!-- \/ Yoast SEO plugin. -->","yoast_head_json":{"title":"\u0130stanbul Anadolu Yakas\u0131 | ForkLift | Kiralama | Ata\u015fehir Forklift Kiralama |","description":"Anadolu Yakas\u0131 Forklift Kiralama, Ata\u015fehir Forklift Kiralama, H\u0131zl\u0131 Forklift Kiralama, Standart Forklift Kiralama, Triplex Forklift Kiralama","robots":{"index":"index","follow":"follow","max-video-preview":"max-video-preview:-1","imageindex":"noimageindex","archive":"noarchive","snippet":"nosnippet"},"canonical":"https:\/\/ayke-forklift.com\/index.php\/bolgeler\/kadosanforklift\/","og_locale":"tr_TR","og_type":"article","og_title":"\u0130stanbul Anadolu Yakas\u0131 | ForkLift | Kiralama | Ata\u015fehir Forklift Kiralama |","og_description":"Anadolu Yakas\u0131 Forklift Kiralama, Ata\u015fehir Forklift Kiralama, H\u0131zl\u0131 Forklift Kiralama, Standart Forklift Kiralama, Triplex Forklift Kiralama","og_url":"https:\/\/ayke-forklift.com\/index.php\/bolgeler\/kadosanforklift\/","og_site_name":"\u0130stanbul Anadolu Yakas\u0131 | ForkLift | Kiralama","article_modified_time":"2023-05-16T23:41:37+00:00","og_image":[{"width":340,"height":268,"url":"https:\/\/ayke-forklift.com\/wp-content\/uploads\/2023\/03\/Logo.png","type":"image\/png"}],"twitter_card":"summary_large_image","twitter_misc":{"Tahmini okuma s\u00fcresi":"3 dakika"},"schema":{"@context":"https:\/\/schema.org","@graph":[{"@type":"WebPage","@id":"https:\/\/ayke-forklift.com\/index.php\/bolgeler\/kadosanforklift\/","url":"https:\/\/ayke-forklift.com\/index.php\/bolgeler\/kadosanforklift\/","name":"\u0130stanbul Anadolu Yakas\u0131 | ForkLift | Kiralama | Ata\u015fehir Forklift Kiralama |","isPartOf":{"@id":"https:\/\/ayke-forklift.com\/#website"},"datePublished":"2023-05-13T20:53:29+00:00","dateModified":"2023-05-16T23:41:37+00:00","description":"Anadolu Yakas\u0131 Forklift Kiralama, Ata\u015fehir Forklift Kiralama, H\u0131zl\u0131 Forklift Kiralama, Standart Forklift Kiralama, Triplex Forklift Kiralama","breadcrumb":{"@id":"https:\/\/ayke-forklift.com\/index.php\/bolgeler\/kadosanforklift\/#breadcrumb"},"inLanguage":"tr","potentialAction":[{"@type":"ReadAction","target":["https:\/\/ayke-forklift.com\/index.php\/bolgeler\/kadosanforklift\/"]}]},{"@type":"BreadcrumbList","@id":"https:\/\/ayke-forklift.com\/index.php\/bolgeler\/kadosanforklift\/#breadcrumb","itemListElement":[{"@type":"ListItem","position":1,"name":"Anasayfa","item":"https:\/\/ayke-forklift.com\/"},{"@type":"ListItem","position":2,"name":"Hizmet B\u00f6lgelerimiz","item":"https:\/\/ayke-forklift.com\/index.php\/bolgeler\/"},{"@type":"ListItem","position":3,"name":"\u00dcmraniye, Kadosan Forklift Kiralama"}]},{"@type":"WebSite","@id":"https:\/\/ayke-forklift.com\/#website","url":"https:\/\/ayke-forklift.com\/","name":"Anadolu Yakas\u0131 | ForkLift | H\u0131zl\u0131 Kiralama","description":"ForkLift Kiralama","publisher":{"@id":"https:\/\/ayke-forklift.com\/#organization"},"alternateName":"aykeforklift","potentialAction":[{"@type":"SearchAction","target":{"@type":"EntryPoint","urlTemplate":"https:\/\/ayke-forklift.com\/?s={search_term_string}"},"query-input":"required name=search_term_string"}],"inLanguage":"tr"},{"@type":"Organization","@id":"https:\/\/ayke-forklift.com\/#organization","name":"Anadolu Yakas\u0131 | ForkLift | H\u0131zl\u0131 Kiralama","alternateName":"ayke forklift","url":"https:\/\/ayke-forklift.com\/","logo":{"@type":"ImageObject","inLanguage":"tr","@id":"https:\/\/ayke-forklift.com\/#\/schema\/logo\/image\/","url":"https:\/\/ayke-forklift.com\/wp-content\/uploads\/2023\/03\/Logo.png","contentUrl":"https:\/\/ayke-forklift.com\/wp-content\/uploads\/2023\/03\/Logo.png","width":340,"height":268,"caption":"Anadolu Yakas\u0131 | ForkLift | H\u0131zl\u0131 Kiralama"},"image":{"@id":"https:\/\/ayke-forklift.com\/#\/schema\/logo\/image\/"}}]}},"_links":{"self":[{"href":"https:\/\/ayke-forklift.com\/index.php\/wp-json\/wp\/v2\/pages\/542","targetHints":{"allow":["GET"]}}],"collection":[{"href":"https:\/\/ayke-forklift.com\/index.php\/wp-json\/wp\/v2\/pages"}],"about":[{"href":"https:\/\/ayke-forklift.com\/index.php\/wp-json\/wp\/v2\/types\/page"}],"author":[{"embeddable":true,"href":"https:\/\/ayke-forklift.com\/index.php\/wp-json\/wp\/v2\/users\/1"}],"replies":[{"embeddable":true,"href":"https:\/\/ayke-forklift.com\/index.php\/wp-json\/wp\/v2\/comments?post=542"}],"version-history":[{"count":4,"href":"https:\/\/ayke-forklift.com\/index.php\/wp-json\/wp\/v2\/pages\/542\/revisions"}],"predecessor-version":[{"id":804,"href":"https:\/\/ayke-forklift.com\/index.php\/wp-json\/wp\/v2\/pages\/542\/revisions\/804"}],"up":[{"embeddable":true,"href":"https:\/\/ayke-forklift.com\/index.php\/wp-json\/wp\/v2\/pages\/28"}],"wp:attachment":[{"href":"https:\/\/ayke-forklift.com\/index.php\/wp-json\/wp\/v2\/media?parent=542"}],"curies":[{"name":"wp","href":"https:\/\/api.w.org\/{rel}","templated":true}]}}